{"id":11071,"date":"2025-10-09T10:17:18","date_gmt":"2025-10-09T10:17:18","guid":{"rendered":"https:\/\/lemalindine.com\/?post_type=product&#038;p=11071"},"modified":"2025-10-28T13:14:07","modified_gmt":"2025-10-28T13:14:07","slug":"la-leo","status":"publish","type":"product","link":"https:\/\/lemalindine.com\/en\/buy\/la-leo\/","title":{"rendered":"La Le\u00f2"},"content":{"rendered":"<div class=\"wpb-content-wrapper\"><div class=\"vc_row wpb_row vc_row-fluid\"><div class=\"wpb_column vc_column_container vc_col-sm-12\"><div class=\"vc_column-inner\"><div class=\"wpb_wrapper\">\n\t<div class=\"wpb_text_column wpb_content_element\" >\n\t\t<div class=\"wpb_wrapper\">\n\t\t\t<p>La Le\u00f2 \u00e8 la shopper bag che puoi usare tutto il giorno. Realizzata in tessuto animalier, \u00e8 completamente foderata in jeans e decorata con nastro grosgrain rosso e verde e spilla con ape.<\/p>\n\n\t\t<\/div>\n\t<\/div>\n<div class=\"vc_empty_space\"   style=\"height: 20px\"><span class=\"vc_empty_space_inner\"><\/span><\/div><\/div><\/div><\/div><\/div>\n<\/div>","protected":false},"excerpt":{"rendered":"<p><strong>HANDMADE<\/strong><\/p>\n<p>Realizzata con tessuto animalier, la nostra Le\u00f2 \u00e8 caratterizzata da manici in bamb\u00f9 che consentono anche di portarla a spalla. E&#8217; una shopper molto capiente, ideale per essere indossata tutto il giorno. L&#8217;interno \u00e8 in jeans e ha una tasca comoda. Dettaglio glamour: la spilla a fiocco che le dona un tocco colorato.<\/p>\n<p>Le dimensioni approssimative sono: 34x31x8 cm. Pezzo Unico!<\/p>","protected":false},"featured_media":11129,"comment_status":"open","ping_status":"closed","template":"","meta":[],"product_brand":[],"product_cat":[303,198],"product_tag":[185],"class_list":{"0":"post-11071","1":"product","2":"type-product","3":"status-publish","4":"has-post-thumbnail","6":"product_cat-borse","7":"product_cat-accessori","8":"product_tag-rock","10":"first","11":"outofstock","12":"taxable","13":"shipping-taxable","14":"product-type-variable","15":"wvs-archive-product-wrapper"},"yoast_head":"<!-- This site is optimized with the Yoast SEO plugin v27.3 - https:\/\/yoast.com\/product\/yoast-seo-wordpress\/ -->\n<title>La Le\u00f2 ~ Borse, Borse, Abbigliamento e Accessori ~ Le Malindine<\/title>\n<meta name=\"description\" content=\"Acquista online La Le\u00f2, scegli il colore e la taglia. Scopri tutti i sandali e le infradito della nuova collezione Le Malindine. Visita lo shop online.\" \/>\n<meta name=\"robots\" content=\"index, follow, max-snippet:-1, max-image-preview:large, max-video-preview:-1\" \/>\n<link rel=\"canonical\" href=\"https:\/\/lemalindine.com\/en\/buy\/la-leo\/\" \/>\n<meta property=\"og:locale\" content=\"en_US\" \/>\n<meta property=\"og:type\" content=\"article\" \/>\n<meta property=\"og:title\" content=\"La Le\u00f2 ~ Borse, Borse, Abbigliamento e Accessori ~ Le Malindine\" \/>\n<meta property=\"og:description\" content=\"Acquista online La Le\u00f2, scegli il colore e la taglia. Scopri tutti i sandali e le infradito della nuova collezione Le Malindine. Visita lo shop online.\" \/>\n<meta property=\"og:url\" content=\"https:\/\/lemalindine.com\/en\/buy\/la-leo\/\" \/>\n<meta property=\"og:site_name\" content=\"Le Malindine\" \/>\n<meta property=\"article:publisher\" content=\"https:\/\/www.facebook.com\/lemalindine\/\" \/>\n<meta property=\"article:modified_time\" content=\"2025-10-28T13:14:07+00:00\" \/>\n<meta property=\"og:image\" content=\"https:\/\/lemalindine.com\/wp-content\/uploads\/2025\/10\/20251027_155113-900x900.png\" \/>\n\t<meta property=\"og:image:width\" content=\"900\" \/>\n\t<meta property=\"og:image:height\" content=\"900\" \/>\n\t<meta property=\"og:image:type\" content=\"image\/png\" \/>\n<meta name=\"twitter:card\" content=\"summary_large_image\" \/>\n<script type=\"application\/ld+json\" class=\"yoast-schema-graph\">{\"@context\":\"https:\\\/\\\/schema.org\",\"@graph\":[{\"@type\":\"WebPage\",\"@id\":\"https:\\\/\\\/lemalindine.com\\\/buy\\\/la-leo\\\/\",\"url\":\"https:\\\/\\\/lemalindine.com\\\/buy\\\/la-leo\\\/\",\"name\":\"La Le\u00f2 ~ Borse, Borse, Abbigliamento e Accessori ~ Le Malindine\",\"isPartOf\":{\"@id\":\"https:\\\/\\\/lemalindine.com\\\/en\\\/#website\"},\"primaryImageOfPage\":{\"@id\":\"https:\\\/\\\/lemalindine.com\\\/buy\\\/la-leo\\\/#primaryimage\"},\"image\":{\"@id\":\"https:\\\/\\\/lemalindine.com\\\/buy\\\/la-leo\\\/#primaryimage\"},\"thumbnailUrl\":\"https:\\\/\\\/lemalindine.com\\\/wp-content\\\/uploads\\\/2025\\\/10\\\/20251027_155113.png\",\"datePublished\":\"2025-10-09T10:17:18+00:00\",\"dateModified\":\"2025-10-28T13:14:07+00:00\",\"description\":\"Acquista online La Le\u00f2, scegli il colore e la taglia. Scopri tutti i sandali e le infradito della nuova collezione Le Malindine. Visita lo shop online.\",\"breadcrumb\":{\"@id\":\"https:\\\/\\\/lemalindine.com\\\/buy\\\/la-leo\\\/#breadcrumb\"},\"inLanguage\":\"en-US\",\"potentialAction\":[{\"@type\":\"ReadAction\",\"target\":[\"https:\\\/\\\/lemalindine.com\\\/buy\\\/la-leo\\\/\"]}]},{\"@type\":\"ImageObject\",\"inLanguage\":\"en-US\",\"@id\":\"https:\\\/\\\/lemalindine.com\\\/buy\\\/la-leo\\\/#primaryimage\",\"url\":\"https:\\\/\\\/lemalindine.com\\\/wp-content\\\/uploads\\\/2025\\\/10\\\/20251027_155113.png\",\"contentUrl\":\"https:\\\/\\\/lemalindine.com\\\/wp-content\\\/uploads\\\/2025\\\/10\\\/20251027_155113.png\",\"width\":2303,\"height\":2303},{\"@type\":\"BreadcrumbList\",\"@id\":\"https:\\\/\\\/lemalindine.com\\\/buy\\\/la-leo\\\/#breadcrumb\",\"itemListElement\":[{\"@type\":\"ListItem\",\"position\":1,\"name\":\"Home\",\"item\":\"https:\\\/\\\/lemalindine.com\\\/\"},{\"@type\":\"ListItem\",\"position\":2,\"name\":\"The Shop\",\"item\":\"https:\\\/\\\/lemalindine.com\\\/en\\\/shop\\\/\"},{\"@type\":\"ListItem\",\"position\":3,\"name\":\"La Le\u00f2\"}]},{\"@type\":\"WebSite\",\"@id\":\"https:\\\/\\\/lemalindine.com\\\/en\\\/#website\",\"url\":\"https:\\\/\\\/lemalindine.com\\\/en\\\/\",\"name\":\"Le Malindine\",\"description\":\"Calzature, moda e accessori fatti a mano\",\"publisher\":{\"@id\":\"https:\\\/\\\/lemalindine.com\\\/en\\\/#organization\"},\"potentialAction\":[{\"@type\":\"SearchAction\",\"target\":{\"@type\":\"EntryPoint\",\"urlTemplate\":\"https:\\\/\\\/lemalindine.com\\\/en\\\/?s={search_term_string}\"},\"query-input\":{\"@type\":\"PropertyValueSpecification\",\"valueRequired\":true,\"valueName\":\"search_term_string\"}}],\"inLanguage\":\"en-US\"},{\"@type\":\"Organization\",\"@id\":\"https:\\\/\\\/lemalindine.com\\\/en\\\/#organization\",\"name\":\"Le Malindine\",\"url\":\"https:\\\/\\\/lemalindine.com\\\/en\\\/\",\"logo\":{\"@type\":\"ImageObject\",\"inLanguage\":\"en-US\",\"@id\":\"https:\\\/\\\/lemalindine.com\\\/en\\\/#\\\/schema\\\/logo\\\/image\\\/\",\"url\":\"https:\\\/\\\/lemalindine.com\\\/wp-content\\\/uploads\\\/2018\\\/12\\\/@2x-logo.png\",\"contentUrl\":\"https:\\\/\\\/lemalindine.com\\\/wp-content\\\/uploads\\\/2018\\\/12\\\/@2x-logo.png\",\"width\":421,\"height\":82,\"caption\":\"Le Malindine\"},\"image\":{\"@id\":\"https:\\\/\\\/lemalindine.com\\\/en\\\/#\\\/schema\\\/logo\\\/image\\\/\"},\"sameAs\":[\"https:\\\/\\\/www.facebook.com\\\/lemalindine\\\/\"]}]}<\/script>\n<!-- \/ Yoast SEO plugin. -->","yoast_head_json":{"title":"La Le\u00f2 ~ Borse, Borse, Abbigliamento e Accessori ~ Le Malindine","description":"Acquista online La Le\u00f2, scegli il colore e la taglia. Scopri tutti i sandali e le infradito della nuova collezione Le Malindine. Visita lo shop online.","robots":{"index":"index","follow":"follow","max-snippet":"max-snippet:-1","max-image-preview":"max-image-preview:large","max-video-preview":"max-video-preview:-1"},"canonical":"https:\/\/lemalindine.com\/en\/buy\/la-leo\/","og_locale":"en_US","og_type":"article","og_title":"La Le\u00f2 ~ Borse, Borse, Abbigliamento e Accessori ~ Le Malindine","og_description":"Acquista online La Le\u00f2, scegli il colore e la taglia. Scopri tutti i sandali e le infradito della nuova collezione Le Malindine. Visita lo shop online.","og_url":"https:\/\/lemalindine.com\/en\/buy\/la-leo\/","og_site_name":"Le Malindine","article_publisher":"https:\/\/www.facebook.com\/lemalindine\/","article_modified_time":"2025-10-28T13:14:07+00:00","og_image":[{"width":900,"height":900,"url":"https:\/\/lemalindine.com\/wp-content\/uploads\/2025\/10\/20251027_155113-900x900.png","type":"image\/png"}],"twitter_card":"summary_large_image","schema":{"@context":"https:\/\/schema.org","@graph":[{"@type":"WebPage","@id":"https:\/\/lemalindine.com\/buy\/la-leo\/","url":"https:\/\/lemalindine.com\/buy\/la-leo\/","name":"La Le\u00f2 ~ Borse, Borse, Abbigliamento e Accessori ~ Le Malindine","isPartOf":{"@id":"https:\/\/lemalindine.com\/en\/#website"},"primaryImageOfPage":{"@id":"https:\/\/lemalindine.com\/buy\/la-leo\/#primaryimage"},"image":{"@id":"https:\/\/lemalindine.com\/buy\/la-leo\/#primaryimage"},"thumbnailUrl":"https:\/\/lemalindine.com\/wp-content\/uploads\/2025\/10\/20251027_155113.png","datePublished":"2025-10-09T10:17:18+00:00","dateModified":"2025-10-28T13:14:07+00:00","description":"Acquista online La Le\u00f2, scegli il colore e la taglia. Scopri tutti i sandali e le infradito della nuova collezione Le Malindine. Visita lo shop online.","breadcrumb":{"@id":"https:\/\/lemalindine.com\/buy\/la-leo\/#breadcrumb"},"inLanguage":"en-US","potentialAction":[{"@type":"ReadAction","target":["https:\/\/lemalindine.com\/buy\/la-leo\/"]}]},{"@type":"ImageObject","inLanguage":"en-US","@id":"https:\/\/lemalindine.com\/buy\/la-leo\/#primaryimage","url":"https:\/\/lemalindine.com\/wp-content\/uploads\/2025\/10\/20251027_155113.png","contentUrl":"https:\/\/lemalindine.com\/wp-content\/uploads\/2025\/10\/20251027_155113.png","width":2303,"height":2303},{"@type":"BreadcrumbList","@id":"https:\/\/lemalindine.com\/buy\/la-leo\/#breadcrumb","itemListElement":[{"@type":"ListItem","position":1,"name":"Home","item":"https:\/\/lemalindine.com\/"},{"@type":"ListItem","position":2,"name":"The Shop","item":"https:\/\/lemalindine.com\/en\/shop\/"},{"@type":"ListItem","position":3,"name":"La Le\u00f2"}]},{"@type":"WebSite","@id":"https:\/\/lemalindine.com\/en\/#website","url":"https:\/\/lemalindine.com\/en\/","name":"Le Malindine","description":"Shoes, fashion and handmade accessories","publisher":{"@id":"https:\/\/lemalindine.com\/en\/#organization"},"potentialAction":[{"@type":"SearchAction","target":{"@type":"EntryPoint","urlTemplate":"https:\/\/lemalindine.com\/en\/?s={search_term_string}"},"query-input":{"@type":"PropertyValueSpecification","valueRequired":true,"valueName":"search_term_string"}}],"inLanguage":"en-US"},{"@type":"Organization","@id":"https:\/\/lemalindine.com\/en\/#organization","name":"Le Malindine","url":"https:\/\/lemalindine.com\/en\/","logo":{"@type":"ImageObject","inLanguage":"en-US","@id":"https:\/\/lemalindine.com\/en\/#\/schema\/logo\/image\/","url":"https:\/\/lemalindine.com\/wp-content\/uploads\/2018\/12\/@2x-logo.png","contentUrl":"https:\/\/lemalindine.com\/wp-content\/uploads\/2018\/12\/@2x-logo.png","width":421,"height":82,"caption":"Le Malindine"},"image":{"@id":"https:\/\/lemalindine.com\/en\/#\/schema\/logo\/image\/"},"sameAs":["https:\/\/www.facebook.com\/lemalindine\/"]}]}},"_links":{"self":[{"href":"https:\/\/lemalindine.com\/en\/wp-json\/wp\/v2\/product\/11071","targetHints":{"allow":["GET"]}}],"collection":[{"href":"https:\/\/lemalindine.com\/en\/wp-json\/wp\/v2\/product"}],"about":[{"href":"https:\/\/lemalindine.com\/en\/wp-json\/wp\/v2\/types\/product"}],"replies":[{"embeddable":true,"href":"https:\/\/lemalindine.com\/en\/wp-json\/wp\/v2\/comments?post=11071"}],"wp:featuredmedia":[{"embeddable":true,"href":"https:\/\/lemalindine.com\/en\/wp-json\/wp\/v2\/media\/11129"}],"wp:attachment":[{"href":"https:\/\/lemalindine.com\/en\/wp-json\/wp\/v2\/media?parent=11071"}],"wp:term":[{"taxonomy":"product_brand","embeddable":true,"href":"https:\/\/lemalindine.com\/en\/wp-json\/wp\/v2\/product_brand?post=11071"},{"taxonomy":"product_cat","embeddable":true,"href":"https:\/\/lemalindine.com\/en\/wp-json\/wp\/v2\/product_cat?post=11071"},{"taxonomy":"product_tag","embeddable":true,"href":"https:\/\/lemalindine.com\/en\/wp-json\/wp\/v2\/product_tag?post=11071"}],"curies":[{"name":"wp","href":"https:\/\/api.w.org\/{rel}","templated":true}]}}