{"id":4597,"date":"2019-01-11T13:18:51","date_gmt":"2019-01-11T13:18:51","guid":{"rendered":"http:\/\/lemalindine.com\/?page_id=4597"},"modified":"2019-02-08T11:30:00","modified_gmt":"2019-02-08T11:30:00","slug":"privacy-contatti","status":"publish","type":"page","link":"https:\/\/lemalindine.com\/en\/privacy-contatti\/","title":{"rendered":"Privacy contatti"},"content":{"rendered":"<div class=\"wpb-content-wrapper\"><div class=\"vc_row wpb_row vc_row-fluid vc_custom_1549619819553\"><div class=\"wpb_column vc_column_container vc_col-sm-3 vc_hidden-sm vc_hidden-xs\"><div class=\"vc_column-inner\"><div class=\"wpb_wrapper\"><div  class=\"wpb_widgetised_column wpb_content_element\">\n\t\t<div class=\"wpb_wrapper\">\n\t\t\t\n\t\t\tLegal<div class=\"menu-privacy-menu-container\"><ul id=\"menu-privacy-menu\" class=\"menu\"><li id=\"menu-item-4573\" class=\"link-footer menu-item menu-item-type-post_type menu-item-object-page menu-item-privacy-policy menu-item-4573\"><a rel=\"privacy-policy\" href=\"https:\/\/lemalindine.com\/en\/privacy-policy\/\">Privacy policy<\/a><\/li>\n<li id=\"menu-item-4612\" class=\"link-footer menu-item menu-item-type-post_type menu-item-object-page menu-item-4612\"><a href=\"https:\/\/lemalindine.com\/en\/privacy-contatti\/\">Privacy contatti<\/a><\/li>\n<li id=\"menu-item-4614\" class=\"link-footer menu-item menu-item-type-post_type menu-item-object-page menu-item-4614\"><a href=\"https:\/\/lemalindine.com\/en\/privacy-newsletter\/\">Privacy newsletter<\/a><\/li>\n<li id=\"menu-item-4613\" class=\"link-footer menu-item menu-item-type-post_type menu-item-object-page menu-item-4613\"><a href=\"https:\/\/lemalindine.com\/en\/cookie-policy\/\">Cookie policy<\/a><\/li>\n<\/ul><\/div>\n\t\t<\/div>\n\t<\/div>\n<\/div><\/div><\/div><div class=\"wpb_column vc_column_container vc_col-sm-9\"><div class=\"vc_column-inner\"><div class=\"wpb_wrapper\"><h2 style=\"text-align: left\" class=\"vc_custom_heading vc_do_custom_heading\" >Privacy contatti<\/h2><div class=\"vc_empty_space\"   style=\"height: 40px\"><span class=\"vc_empty_space_inner\"><\/span><\/div>\n\t<div class=\"wpb_text_column wpb_content_element\" >\n\t\t<div class=\"wpb_wrapper\">\n\t\t\t<p><strong>(versione 1.0 del 24 Aprile 2018)<\/strong><\/p>\n<p>Gentile Visitatore\/Visitatrice<\/p>\n<p>Questo sito Internet http:\/\/lemalindine.com \u00e8 di propriet\u00e0 della societ\u00e0 Le Malindine di Ferr\u00e8 Elena con sede in Lissone via Francesco Ferrucci, 31 \u2013 20851 Lissone ( MB) P. IVA 10648620960 in qualit\u00e0 di titolare del trattamento dei dati personali degli utenti del Sito fornisce qui di seguito l\u2019informativa privacy ai sensi dell\u2019art. 13 del D.Lgs. 196\/2003 (di seguito, il \u201cCodice Privacy\u201d) e ai sensi dell\u2019art. 13 del Regolamento UE 2016\/679 del 27 aprile 2016 (di seguito, \u201cRegolamento\u201d, il Regolamento e il Codice Privacy sono insieme definiti \u201cNormativa Applicabile\u201d).<\/p>\n<p>Questo Sito e i servizi eventualmente offerti tramite il Sito sono riservati a soggetti che hanno compiuto il diciottesimo anno di et\u00e0. Il Titolare non raccoglie quindi dati personali relativi ai soggetti minori di anni 18. Su richiesta degli Utenti, il Titolare canceller\u00e0 tempestivamente tutti i dati personali\u00a0 involontariamente raccolti e relativi a soggetti minori di anni 18.<\/p>\n<p>Il Titolare tiene nella massima considerazione il diritto alla privacy ed alla protezione dei dati personali dei propri Utenti. Per ogni informazione in relazione alla presente informativa privacy, gli Utenti possono contattare il Titolare in qualsiasi momento, utilizzando le seguenti modalit\u00e0:<\/p>\n<ul>\n<li>via raccomanda a.r. all\u2019indirizzo via Francesco Ferrucci, 31 \u2013 20851 Lissone<\/li>\n<li>via email all\u2019indirizzo privacy@lemalindine.com<\/li>\n<\/ul>\n<p>Il Titolare non ha individuato la figura del Responsabile della protezione dei dati (RPD o DPO), in quanto non \u00e8 soggetto all\u2019obbligo di designazione previsto dall\u2019art. 37 del Regolamento.<\/p>\n<p><strong><br \/>\n1. Finalit\u00e0 del trattamento<\/strong><\/p>\n<p>I dati personali degli Utenti saranno trattati lecitamente dal Titolare ai sensi dell\u2019art. 6 del Regolamento per le seguenti finalit\u00e0 di trattamento:<\/p>\n<p style=\"padding-left: 30px;\"><strong>a)<\/strong> evadere la richiesta dell\u2019Utente: i dati personali degli Utenti sono raccolti e trattati dal Titolare al solo fine di evadere la loro richiesta. I dati dell\u2019Utente raccolti dal Titolare a tale fine includono: il nome, il cognome, l\u2019azienda, la citt\u00e0 e l\u2019indirizzo di residenza\/domicilio, l\u2019indirizzo email, numero di telefono, nonch\u00e9 tutte le informazioni personali dell\u2019Utente eventualmente e volontariamente pubblicate.<br \/>\nNessun altro trattamento verr\u00e0 effettuato dal Titolare in relazione ai dati personali degli Utenti, salvo che l\u2019Utente dia al Titolare uno specifico e facoltativo consenso al trattamento dei propri dati per l\u2019ulteriore finalit\u00e0 di trattamento prevista al paragrafo 2. Fermo restando quanto previsto altrove in questa informativa privacy, in nessun caso il Titolare render\u00e0 accessibili agli altri Utenti e\/o a terzi i dati personali degli Utenti.<\/p>\n<p style=\"padding-left: 30px;\"><strong>b)<\/strong> finalit\u00e0 amministrativo-contabili, ovvero per svolgere attivit\u00e0 di natura organizzativa, amministrativa, finanziaria e contabile, quali attivit\u00e0 organizzative interne ed attivit\u00e0 funzionali all\u2019adempimento di obblighi contrattuali e precontrattuali;<\/p>\n<p style=\"padding-left: 30px;\"><strong>c)<\/strong> obblighi di legge, ovvero per adempiere ad obblighi previsti dalla legge, da un\u2019autorit\u00e0, da un regolamento o dalla normativa europea.<br \/>\nIl conferimento dei dati personali per le finalit\u00e0 di trattamento sopra indicate \u00e8 facoltativo ma necessario, poich\u00e9 il mancato conferimento degli stessi comporter\u00e0 l\u2019impossibilit\u00e0 per l\u2019Utente di effettuare una richiesta al Titolare.<br \/>\nI dati personali che sono necessari per il perseguimento delle finalit\u00e0 di trattamento descritte al presente paragrafo 1 sono indicati con un asterisco all\u2019interno del modulo di richiesta.<\/p>\n<p><strong><br \/>\n2. Ulteriori finalit\u00e0 di trattamento: marketing<\/strong><\/p>\n<p>Con il consenso libero e facoltativo dell\u2019Utente, alcuni dati personali dell\u2019Utente (ovvero il nome, il cognome, l\u2019azienda, la citt\u00e0 e l\u2019indirizzo di residenza\/domicilio, l\u2019indirizzo email, numero di telefono,) potranno essere trattati dal Titolare anche per finalit\u00e0 di marketing e newsletter (invio di materiale pubblicitario, vendita diretta e comunicazione commerciale, invio di newsletter contenente informazioni in relazione a notizie rilevanti per il settore relativo alle attivit\u00e0 del Titolare), ovvero affinch\u00e9 il Titolare possa contattare l\u2019Utente tramite posta, posta elettronica, telefono (fisso e\/o mobile, con sistemi automatizzati di chiamata o di comunicazione di chiamata con e\/o senza l\u2019intervento di un operatore) per proporre all\u2019Utente l\u2019acquisto di prodotti e\/o servizi offerti dallo stesso Titolare e\/o da imprese terze, presentare offerte, promozioni ed opportunit\u00e0 commerciali.<\/p>\n<p>In caso di mancato consenso, la possibilit\u00e0 di perseguire le finalit\u00e0 di cui all\u2019articolo 1 non sar\u00e0 in alcun modo pregiudicata.<br \/>\nIn caso di consenso, l\u2019Utente potr\u00e0 in qualsiasi momento revocare lo stesso, facendone richiesta al Titolare con le modalit\u00e0 indicate al successivo paragrafo 5.<br \/>\nL\u2019Utente potr\u00e0 inoltre opporsi facilmente ad ulteriori invii di comunicazioni promozionali e di newsletter via email anche cliccando sull\u2019apposito link per la revoca del consenso, che \u00e8 presente in ciascuna email promozionale.<br \/>\nEffettuata la revoca del consenso, il Titolare invier\u00e0 all\u2019Utente un messaggio di posta elettronica per confermare l\u2019avvenuta revoca del consenso.<br \/>\nQualora l\u2019Utente intenda revocare il proprio consenso all\u2019invio di comunicazioni promozionali via telefono, continuando tuttavia a ricevere comunicazioni promozionali via email, o viceversa, si prega di inviare una richiesta al Titolare con le modalit\u00e0 indicate al successivo paragrafo 5.<\/p>\n<p>Il Titolare informa che, a seguito dell\u2019esercizio del diritto di opposizione all\u2019invio di comunicazioni promozionali e di newsletter via email, \u00e8 possibile che, per ragioni tecniche ed operative (es. formazione delle liste di contatto gi\u00e0 completata poco prima della ricezione da parte del Titolare della richiesta di opposizione) l\u2019Utente continui a ricevere alcuni ulteriori messaggi promozionali e di newsletter. Qualora l\u2019Utente dovesse continuare a ricevere messaggi promozionali dopo che siano trascorse 24 ore dall\u2019esercizio del diritto di opposizione, si prega di segnalare il problema al Titolare, utilizzando i contatti indicati al successivo paragrafo 5.<\/p>\n<p><strong><br \/>\n3. Modalit\u00e0 di trattamento e tempi di conservazione dei dati<\/strong><\/p>\n<p>Il Titolare tratter\u00e0 i dati personali degli Utenti mediante strumenti manuali ed informatici, con logiche strettamente correlate alle finalit\u00e0 stesse e, comunque, in modo da garantire la sicurezza e la riservatezza dei dati stessi.<br \/>\nI dati personali degli Utenti del Sito saranno conservati per i tempi strettamente necessari ad espletare le finalit\u00e0 primarie illustrate al precedente paragrafo 1, o comunque secondo quanto necessario per la tutela in sede civilistica degli interessi sia degli Utenti che del Titolare.<br \/>\nNel caso di cui al precedente paragrafo 2, i dati personali degli Utenti saranno conservati per i tempi strettamente necessari ad espletare le finalit\u00e0 illustrate nello stesso e, in ogni caso, per non pi\u00f9 di ventiquattro (24) mesi .<\/p>\n<p><strong><br \/>\n4. Ambito di comunicazione e diffusione dei dati<\/strong><\/p>\n<p>Potranno venire a conoscenza dei dati personali degli Utenti i dipendenti e\/o collaboratori del Titolare incaricati di gestire il Sito e le richieste degli Utenti. Tali soggetti, che sono formalmente nominati dal Titolare quali \u201cincaricati del trattamento\u201d, tratteranno i dati dell\u2019Utente esclusivamente per le finalit\u00e0 indicate nella presente informativa e nel rispetto delle previsioni della Normativa Applicabile.<br \/>\nPotranno inoltre venire a conoscenza dei dati personali degli Utenti i soggetti terzi che potranno trattare dati personali per conto del Titolare in qualit\u00e0 di \u201cResponsabili Esterni del Trattamento\u201d, quali, a titolo esemplificativo, fornitori di servizi informatici e logistici funzionali all\u2019operativit\u00e0 del Sito, fornitori di servizi in outsourcing o cloud computing, professionisti e consulenti.<br \/>\nGli Utenti hanno il diritto di ottenere una lista degli eventuali responsabili del trattamento nominati dal Titolare, facendone richiesta al Titolare con le modalit\u00e0 indicate al successivo paragrafo 5.<\/p>\n<p><strong><br \/>\n5. Diritti degli Interessati<\/strong><\/p>\n<p>Gli Utenti potranno esercitare i diritti garantiti loro dalla Normativa Applicabile, contattando il Titolare con le seguenti modalit\u00e0:<\/p>\n<ul>\n<li>via raccomanda a.r. all\u2019indirizzo via Francesco Ferrucci, 31 \u2013 20851 Lissone<\/li>\n<li>via email all\u2019indirizzo privacy@lemalidine.com<\/li>\n<\/ul>\n<p>Ai sensi della Normativa Applicabile, il Titolare informa che gli Utenti hanno il diritto di ottenere l\u2019indicazione (i) dell\u2019origine dei dati personali; (ii) delle finalit\u00e0 e modalit\u00e0 del trattamento; (iii) della logica applicata in caso di trattamento effettuato con l\u2019ausilio di strumenti elettronici; (iv) degli estremi identificativi del titolare e dei responsabili; (v) dei soggetti o delle categorie di soggetti ai quali i dati personali possono essere comunicati o che possono venirne a conoscenza in qualit\u00e0 di responsabili o incaricati.<\/p>\n<p>Inoltre, gli Utenti hanno il diritto di ottenere:<\/p>\n<p style=\"padding-left: 30px;\"><strong>a)<\/strong> l\u2019accesso, l\u2019aggiornamento, la rettificazione ovvero, quando vi hanno interesse, l\u2019integrazione dei dati;<\/p>\n<p style=\"padding-left: 30px;\"><strong>b)<\/strong> la cancellazione, la trasformazione in forma anonima o il blocco dei dati trattati in violazione di legge, compresi quelli di cui non \u00e8 necessaria la conservazione in relazione agli scopi per i quali i dati sono stati raccolti o successivamente trattati;<\/p>\n<p style=\"padding-left: 30px;\"><strong>c)<\/strong> l\u2019attestazione che le operazioni di cui alle lettere a) e b) sono state portate a conoscenza, anche per quanto riguarda il loro contenuto, di coloro ai quali i dati sono stati comunicati o diffusi, eccettuato il caso in cui tale adempimento si rivela impossibile o comporta un impiego di mezzi manifestamente sproporzionato rispetto al diritto tutelato.<\/p>\n<p>Inoltre, gli Utenti hanno:<\/p>\n<p style=\"padding-left: 30px;\"><strong>a)<\/strong> il diritto di revocare il consenso in qualsiasi momento, qualora il trattamento si basi sul loro consenso;<\/p>\n<p style=\"padding-left: 30px;\"><strong>b)<\/strong> il diritto alla portabilit\u00e0 dei dati (diritto di ricevere tutti i dati personali che li riguardano in un formato strutturato, di uso comune e leggibile da dispositivo automatico), il diritto alla limitazione del trattamento dei dati personali e il diritto alla cancellazione (\u201cdiritto all\u2019oblio\u201d);<\/p>\n<p style=\"padding-left: 30px;\"><strong>c)<\/strong> il diritto di opporsi:<br \/>\ni) in tutto o in parte, per motivi legittimi al trattamento dei dati personali che li riguardano, ancorch\u00e9 pertinenti allo scopo della raccolta;<br \/>\nii) in tutto o in parte, al trattamento di dati personali che li riguardano a fini di invio di materiale pubblicitario o di vendita diretta o per il compimento di ricerche di mercato o di comunicazione commerciale;<br \/>\niii) qualora i dati personali siano trattati per finalit\u00e0 di marketing diretto, in qualsiasi momento, al trattamento dei loro dati effettuato per tale finalit\u00e0, compresa la profilazione nella misura in cui sia connessa a tale marketing diretto.<\/p>\n<p style=\"padding-left: 30px;\"><strong>d)<\/strong> qualora ritenessero che il trattamento che li riguarda violi il Regolamento, il diritto di proporre reclamo a un\u2019Autorit\u00e0 di controllo (nello Stato membro in cui risiedono abitualmente, in quello in cui lavorano oppure in quello in cui si \u00e8 verificata la presunta violazione). L\u2019Autorit\u00e0 di controllo\u00a0 italiana \u00e8 il Garante per la protezione dei dati personali, con sede in Piazza di Monte Citorio n. 121, 00186 \u2013 Roma (http:\/\/www.garanteprivacy.it\/).<\/p>\n<p>Il Titolare non \u00e8 responsabile per l\u2019aggiornamento di tutti i link visualizzabili nella presente Informativa, pertanto ogni qualvolta un link non sia funzionante e\/o aggiornato, gli Utenti riconoscono ed accettano che dovranno sempre far riferimento al documento e\/o sezione dei siti internet richiamati da tale link.<\/p>\n\n\t\t<\/div>\n\t<\/div>\n<\/div><\/div><\/div><\/div>\n<\/div>","protected":false},"excerpt":{"rendered":"LegalPrivacy policy Privacy contatti Privacy newsletter Cookie policy Privacy contatti (versione 1.0 del 24 Aprile 2018) Gentile Visitatore\/Visitatrice Questo sito Internet http:\/\/lemalindine.com \u00e8 di propriet\u00e0 della societ\u00e0 Le Malindine di Ferr\u00e8 Elena con sede in Lissone via Francesco Ferrucci, 31 \u2013 20851 Lissone ( MB) P. IVA 10648620960 in qualit\u00e0 di titolare del trattamento dei [...]","protected":false},"author":1,"featured_media":0,"parent":0,"menu_order":0,"comment_status":"closed","ping_status":"closed","template":"","meta":{"footnotes":""},"class_list":["post-4597","page","type-page","status-publish","hentry"],"yoast_head":"<!-- This site is optimized with the Yoast SEO plugin v27.3 - https:\/\/yoast.com\/product\/yoast-seo-wordpress\/ -->\n<title>Privacy contatti ~ Le Malindine<\/title>\n<meta name=\"robots\" content=\"index, follow, max-snippet:-1, max-image-preview:large, max-video-preview:-1\" \/>\n<link rel=\"canonical\" href=\"https:\/\/lemalindine.com\/en\/privacy-contatti\/\" \/>\n<meta property=\"og:locale\" content=\"en_US\" \/>\n<meta property=\"og:type\" content=\"article\" \/>\n<meta property=\"og:title\" content=\"Privacy contatti ~ Le Malindine\" \/>\n<meta property=\"og:url\" content=\"https:\/\/lemalindine.com\/en\/privacy-contatti\/\" \/>\n<meta property=\"og:site_name\" content=\"Le Malindine\" \/>\n<meta property=\"article:publisher\" content=\"https:\/\/www.facebook.com\/lemalindine\/\" \/>\n<meta property=\"article:modified_time\" content=\"2019-02-08T11:30:00+00:00\" \/>\n<meta name=\"twitter:card\" content=\"summary_large_image\" \/>\n<script type=\"application\/ld+json\" class=\"yoast-schema-graph\">{\"@context\":\"https:\\\/\\\/schema.org\",\"@graph\":[{\"@type\":\"WebPage\",\"@id\":\"https:\\\/\\\/lemalindine.com\\\/privacy-contatti\\\/\",\"url\":\"https:\\\/\\\/lemalindine.com\\\/privacy-contatti\\\/\",\"name\":\"Privacy contatti ~ Le Malindine\",\"isPartOf\":{\"@id\":\"https:\\\/\\\/lemalindine.com\\\/en\\\/#website\"},\"datePublished\":\"2019-01-11T13:18:51+00:00\",\"dateModified\":\"2019-02-08T11:30:00+00:00\",\"breadcrumb\":{\"@id\":\"https:\\\/\\\/lemalindine.com\\\/privacy-contatti\\\/#breadcrumb\"},\"inLanguage\":\"en-US\",\"potentialAction\":[{\"@type\":\"ReadAction\",\"target\":[\"https:\\\/\\\/lemalindine.com\\\/privacy-contatti\\\/\"]}]},{\"@type\":\"BreadcrumbList\",\"@id\":\"https:\\\/\\\/lemalindine.com\\\/privacy-contatti\\\/#breadcrumb\",\"itemListElement\":[{\"@type\":\"ListItem\",\"position\":1,\"name\":\"Home\",\"item\":\"https:\\\/\\\/lemalindine.com\\\/\"},{\"@type\":\"ListItem\",\"position\":2,\"name\":\"Privacy contatti\"}]},{\"@type\":\"WebSite\",\"@id\":\"https:\\\/\\\/lemalindine.com\\\/en\\\/#website\",\"url\":\"https:\\\/\\\/lemalindine.com\\\/en\\\/\",\"name\":\"Le Malindine\",\"description\":\"Calzature, moda e accessori fatti a mano\",\"publisher\":{\"@id\":\"https:\\\/\\\/lemalindine.com\\\/en\\\/#organization\"},\"potentialAction\":[{\"@type\":\"SearchAction\",\"target\":{\"@type\":\"EntryPoint\",\"urlTemplate\":\"https:\\\/\\\/lemalindine.com\\\/en\\\/?s={search_term_string}\"},\"query-input\":{\"@type\":\"PropertyValueSpecification\",\"valueRequired\":true,\"valueName\":\"search_term_string\"}}],\"inLanguage\":\"en-US\"},{\"@type\":\"Organization\",\"@id\":\"https:\\\/\\\/lemalindine.com\\\/en\\\/#organization\",\"name\":\"Le Malindine\",\"url\":\"https:\\\/\\\/lemalindine.com\\\/en\\\/\",\"logo\":{\"@type\":\"ImageObject\",\"inLanguage\":\"en-US\",\"@id\":\"https:\\\/\\\/lemalindine.com\\\/en\\\/#\\\/schema\\\/logo\\\/image\\\/\",\"url\":\"https:\\\/\\\/lemalindine.com\\\/wp-content\\\/uploads\\\/2018\\\/12\\\/@2x-logo.png\",\"contentUrl\":\"https:\\\/\\\/lemalindine.com\\\/wp-content\\\/uploads\\\/2018\\\/12\\\/@2x-logo.png\",\"width\":421,\"height\":82,\"caption\":\"Le Malindine\"},\"image\":{\"@id\":\"https:\\\/\\\/lemalindine.com\\\/en\\\/#\\\/schema\\\/logo\\\/image\\\/\"},\"sameAs\":[\"https:\\\/\\\/www.facebook.com\\\/lemalindine\\\/\"]}]}<\/script>\n<!-- \/ Yoast SEO plugin. -->","yoast_head_json":{"title":"Privacy contatti ~ Le Malindine","robots":{"index":"index","follow":"follow","max-snippet":"max-snippet:-1","max-image-preview":"max-image-preview:large","max-video-preview":"max-video-preview:-1"},"canonical":"https:\/\/lemalindine.com\/en\/privacy-contatti\/","og_locale":"en_US","og_type":"article","og_title":"Privacy contatti ~ Le Malindine","og_url":"https:\/\/lemalindine.com\/en\/privacy-contatti\/","og_site_name":"Le Malindine","article_publisher":"https:\/\/www.facebook.com\/lemalindine\/","article_modified_time":"2019-02-08T11:30:00+00:00","twitter_card":"summary_large_image","schema":{"@context":"https:\/\/schema.org","@graph":[{"@type":"WebPage","@id":"https:\/\/lemalindine.com\/privacy-contatti\/","url":"https:\/\/lemalindine.com\/privacy-contatti\/","name":"Privacy contatti ~ Le Malindine","isPartOf":{"@id":"https:\/\/lemalindine.com\/en\/#website"},"datePublished":"2019-01-11T13:18:51+00:00","dateModified":"2019-02-08T11:30:00+00:00","breadcrumb":{"@id":"https:\/\/lemalindine.com\/privacy-contatti\/#breadcrumb"},"inLanguage":"en-US","potentialAction":[{"@type":"ReadAction","target":["https:\/\/lemalindine.com\/privacy-contatti\/"]}]},{"@type":"BreadcrumbList","@id":"https:\/\/lemalindine.com\/privacy-contatti\/#breadcrumb","itemListElement":[{"@type":"ListItem","position":1,"name":"Home","item":"https:\/\/lemalindine.com\/"},{"@type":"ListItem","position":2,"name":"Privacy contatti"}]},{"@type":"WebSite","@id":"https:\/\/lemalindine.com\/en\/#website","url":"https:\/\/lemalindine.com\/en\/","name":"Le Malindine","description":"Shoes, fashion and handmade accessories","publisher":{"@id":"https:\/\/lemalindine.com\/en\/#organization"},"potentialAction":[{"@type":"SearchAction","target":{"@type":"EntryPoint","urlTemplate":"https:\/\/lemalindine.com\/en\/?s={search_term_string}"},"query-input":{"@type":"PropertyValueSpecification","valueRequired":true,"valueName":"search_term_string"}}],"inLanguage":"en-US"},{"@type":"Organization","@id":"https:\/\/lemalindine.com\/en\/#organization","name":"Le Malindine","url":"https:\/\/lemalindine.com\/en\/","logo":{"@type":"ImageObject","inLanguage":"en-US","@id":"https:\/\/lemalindine.com\/en\/#\/schema\/logo\/image\/","url":"https:\/\/lemalindine.com\/wp-content\/uploads\/2018\/12\/@2x-logo.png","contentUrl":"https:\/\/lemalindine.com\/wp-content\/uploads\/2018\/12\/@2x-logo.png","width":421,"height":82,"caption":"Le Malindine"},"image":{"@id":"https:\/\/lemalindine.com\/en\/#\/schema\/logo\/image\/"},"sameAs":["https:\/\/www.facebook.com\/lemalindine\/"]}]}},"_links":{"self":[{"href":"https:\/\/lemalindine.com\/en\/wp-json\/wp\/v2\/pages\/4597","targetHints":{"allow":["GET"]}}],"collection":[{"href":"https:\/\/lemalindine.com\/en\/wp-json\/wp\/v2\/pages"}],"about":[{"href":"https:\/\/lemalindine.com\/en\/wp-json\/wp\/v2\/types\/page"}],"author":[{"embeddable":true,"href":"https:\/\/lemalindine.com\/en\/wp-json\/wp\/v2\/users\/1"}],"replies":[{"embeddable":true,"href":"https:\/\/lemalindine.com\/en\/wp-json\/wp\/v2\/comments?post=4597"}],"version-history":[{"count":0,"href":"https:\/\/lemalindine.com\/en\/wp-json\/wp\/v2\/pages\/4597\/revisions"}],"wp:attachment":[{"href":"https:\/\/lemalindine.com\/en\/wp-json\/wp\/v2\/media?parent=4597"}],"curies":[{"name":"wp","href":"https:\/\/api.w.org\/{rel}","templated":true}]}}